{"id":48,"date":"2021-09-13T19:37:37","date_gmt":"2021-09-13T19:37:37","guid":{"rendered":"http:\/\/lohnbrennerei-keiser.ch\/?page_id=48"},"modified":"2026-01-08T10:47:54","modified_gmt":"2026-01-08T10:47:54","slug":"lohnbrennerei-keiser-gmbh","status":"publish","type":"page","link":"https:\/\/lohnbrennerei-keiser.ch\/","title":{"rendered":"Lohnbrennerei Keiser GmbH"},"content":{"rendered":"<div id=\"m9206\" class=\"module text\" data-imported=\"true\">\n<div class=\"editorial_block\">\n<h2 class=\"subtitle\" style=\"text-align: center;\">Ihre Lohnbrennerei in der Region Baar und Zug<\/h2>\n<\/div>\n<\/div>\n<div id=\"m9206\" class=\"module text\" data-imported=\"true\">\n<div class=\"editorial_block\">\n<div class=\"richtext\">\n<p style=\"text-align: center;\"><strong>Die Lohnbrennerei Keiser macht aus Ihren Fr\u00fcchten feine Destillate. Oder probieren Sie unseren Zuger Kirsch AOC und weitere feine Obstbr\u00e4nde, die wir mit Fr\u00fcchten aus eigenem Anbau herstellen.<\/strong><\/p>\n<p><img loading=\"lazy\" decoding=\"async\" class=\" wp-image-64 aligncenter\" src=\"https:\/\/lohnbrennerei-keiser.ch\/wp-content\/uploads\/2018\/11\/Neunotikon_n\u00e4her_zugeschnitten.jpg\" alt=\"\" width=\"758\" height=\"458\" srcset=\"https:\/\/lohnbrennerei-keiser.ch\/wp-content\/uploads\/2018\/11\/Neunotikon_n\u00e4her_zugeschnitten.jpg 1656w, https:\/\/lohnbrennerei-keiser.ch\/wp-content\/uploads\/2018\/11\/Neunotikon_n\u00e4her_zugeschnitten-300x181.jpg 300w, https:\/\/lohnbrennerei-keiser.ch\/wp-content\/uploads\/2018\/11\/Neunotikon_n\u00e4her_zugeschnitten-768x463.jpg 768w, https:\/\/lohnbrennerei-keiser.ch\/wp-content\/uploads\/2018\/11\/Neunotikon_n\u00e4her_zugeschnitten-1024x618.jpg 1024w\" sizes=\"auto, (max-width: 758px) 100vw, 758px\" \/><\/p>\n<p>&nbsp;<\/p>\n<p>Die Lohnbrennerei Keiser wurde 2010 von Arnold Keiser gegr\u00fcndet, dessen Familie auf eine lange&nbsp;<strong>Tradition<\/strong>&nbsp;des&nbsp;<strong>Destillierens<\/strong>&nbsp;zur\u00fcckblickt. Bereits Vater und Grossvater Keiser waren im Besitz des b\u00e4uerlichen Brennrechts.<\/p>\n<p>Von Arnold Keisers umfassenden&nbsp;<strong>Fachwissen<\/strong>&nbsp;und seiner<strong>&nbsp;langj\u00e4hrigen Erfahrung<\/strong>&nbsp;als Brenner profitieren heute auch Landwirte oder Privatleute, welche ihr Obst zu feinen Br\u00e4nden und Lik\u00f6ren verarbeiten lassen m\u00f6chten.<\/p>\n<p>Grundlage f\u00fcr die&nbsp;<strong>edlen Destillate<\/strong>&nbsp;der Lohnbrennerei Keiser sind reife, qualitativ sehr gute&nbsp;<strong>Fr\u00fcchte<\/strong>&nbsp;wie beispielsweise Kirschen, Zwetschgen, \u00c4pfel oder Birnen. Diese stammen von den rund 250 Hochstammb\u00e4umen vom Hof der Familie Keiser oder aus dem eigenen Anbau der Kunden.<\/p>\n<p>Nebst der Herstellung von edlen Fruchtdestillaten und Lik\u00f6ren geh\u00f6rt auch das&nbsp;<strong>Whisky-Brennen<\/strong>&nbsp;zum Angebot von Arnold Keiser.<\/p>\n<p><a href=\"https:\/\/lohnbrennerei-keiser.ch\/index.php\/kontakt\/\" data-track-event=\"click\" data-track-action=\"internal_link_clicked\">Kontaktieren<\/a>&nbsp;Sie uns. Wir sind gerne f\u00fcr Sie da.<\/p>\n<p>&nbsp;<\/p>\n<\/div>\n<\/div>\n<\/div>\n<div id=\"m8141\" class=\"module text\" data-imported=\"true\">\n<div class=\"editorial_block\">\n<h2 class=\"subtitle\" style=\"text-align: center;\">Angebot Lohnbrennerei<\/h2>\n<div class=\"richtext\">\n<h3 class=\"preamble\" style=\"text-align: center;\">Edle Destillate aus Ihren Fr\u00fcchten<\/h3>\n<p><img loading=\"lazy\" decoding=\"async\" class=\"aligncenter\" title=\"Brennanlage - Lohnbrennerei Keiser - Baar\" src=\"https:\/\/lohnbrennerei-keiser.ch\/wp-content\/uploads\/2019\/06\/Brennerei-4.jpg\" alt=\"Brennanlage - Lohnbrennerei Keiser - Baar\" width=\"517\" height=\"381\"><\/p>\n<p>Die Lohnbrennerei Keiser destilliert aus Ihren Fr\u00fcchten&nbsp;<strong>feine Obstbr\u00e4nde<\/strong>. Beim&nbsp;<strong>Steinobst<\/strong>&nbsp;liegt die Mindestmenge bei 30 kg, bei&nbsp;<strong>Kernobst<\/strong>&nbsp;bei 50 kg Fr\u00fcchten. Nach dem Brennen reduziert Arnold Keiser das hochprozentige Destillat mit Wasser auf Trinkst\u00e4rke herunter und filtriert es.<\/p>\n<p>Informationen zu den Preisen finden Sie hier:&nbsp;<strong><a href=\"https:\/\/lohnbrennerei-keiser.ch\/wp-content\/uploads\/2025\/09\/Brennlohntarife_2025.pdf\" target=\"_blank\" rel=\"noopener noreferrer\">Brennlohntarife 2025<\/a><\/strong><\/p>\n<p>Die&nbsp;<strong>Abf\u00fcllung<\/strong>&nbsp;erfolgt entweder in&nbsp;<strong>Kanister<\/strong>&nbsp;oder in&nbsp;<strong>Flaschen<\/strong>, wobei unterschiedliche Gr\u00f6ssen und Formen zur Auswahl stehen.<\/p>\n<p>Sehen Sie sich hier das Angebot an:&nbsp;<a href=\"https:\/\/lohnbrennerei-keiser.ch\/wp-content\/uploads\/2025\/09\/Preis_Flaschen_Verschluesse_2025.pdf\" target=\"_blank\" rel=\"noopener noreferrer\"><strong>Preisliste Flaschen<\/strong><\/a><\/p>\n<\/div>\n<\/div>\n<p>&nbsp;<\/p>\n<div class=\"editorial_block\">\n<div class=\"richtext\">\n<h3 class=\"preamble\" style=\"text-align: center;\">Unsere eigenen Produkte<\/h3>\n<p><img loading=\"lazy\" decoding=\"async\" class=\"aligncenter\" title=\"Produkte - Lohnbrennerei Keiser - Baar\" src=\"https:\/\/www.lohnbrennerei-keiser.ch\/wp-content\/uploads\/2019\/06\/Produkte-Hausbrennerei-Keiser.jpg\" alt=\"Produkte - Lohnbrennerei Keiser - Baar\" width=\"325\" height=\"464\"><\/p>\n<p>Nebst Obstbr\u00e4nden im Kundenauftrag stellt die Lohnbrennerei Keiser auch&nbsp;<strong>edle Destillate<\/strong>&nbsp;und&nbsp;<strong>Lik\u00f6re<\/strong>&nbsp;mit Fr\u00fcchten aus&nbsp;<strong>eigenem Anbau<\/strong>&nbsp;her. Kunden sind Privathaushalte, Getr\u00e4nkem\u00e4rkte und&nbsp; Restaurants in der Region.<\/p>\n<p>Sehen Sie sich hier das&nbsp;<strong>Sortiment<\/strong>&nbsp;der Hausbrennerei Keiser an:&nbsp;<strong><a href=\"https:\/\/lohnbrennerei-keiser.ch\/wp-content\/uploads\/2026\/01\/Preisliste_Destillate-_Webseite_Jan_26.pdf\" target=\"_blank\" rel=\"noopener noreferrer\">Preisliste Destillate<\/a><\/strong><\/p>\n<p>Der&nbsp;<strong>Zuger Kirsch<\/strong>&nbsp;der Lohnbrennerei Keiser tr\u00e4gt \u00fcbrigens die gesch\u00fctzte Herkunftsbezeichnung&nbsp;<strong>AOC<\/strong>&nbsp;(Appellation d\u2019Origine Contr\u00f4l\u00e9e). Diesen hochwertigen&nbsp;<strong>Edelbrand<\/strong>&nbsp;liefert Arnold Keiser an verschiedene Zuger Konditoreien, die damit die Zuger&nbsp;<strong>Kirschtorte<\/strong>&nbsp;herstellen.<\/p>\n<\/div>\n<\/div>\n<\/div>\n<div id=\"m8531\" class=\"module text\" data-imported=\"true\">\n<div class=\"editorial_block\">\n&nbsp;<\/p>\n<h2 class=\"subtitle\" style=\"text-align: center;\">Die Kunst des Brennens<\/h2>\n<h3 class=\"preamble\" style=\"text-align: center;\">Wie aus Fr\u00fcchten ein feiner Schnaps wird<\/h3>\n<p><img loading=\"lazy\" decoding=\"async\" class=\"aligncenter\" title=\"Kirschenmaische - Lohnbrennerei Keiser - Baar\" src=\"https:\/\/lohnbrennerei-keiser.ch\/wp-content\/uploads\/2019\/06\/1001-007.jpg\" alt=\"Kirschenmaische - Lohnbrennerei Keiser - Baar\" width=\"474\" height=\"356\"><\/p>\n<p>Die Grundlage f\u00fcr ein edles Destillat sind reife, qualitativ einwandfreie Fr\u00fcchte. Zuerst werden die Fr\u00fcchte zerkleinert zu einer Maische und G\u00e4rhefe beigegeben, damit der Fruchtzucker sich in Alkohol umwandelt. Diese wird nach 1-2 Monaten anschliessend im Brennhafen destilliert.<\/p>\n<p>Der enthaltene Alkohol<strong>&nbsp;verdampft<\/strong>&nbsp;schneller als das Wasser und gelangt in die Verst\u00e4rkerb\u00f6den zur Reinigung. In einer&nbsp;<strong>K\u00fchlvorrichtung<\/strong>&nbsp;wird der Alkohol wieder fl\u00fcssig. Das so gewonnene&nbsp;<strong>hochgradige Destillat<\/strong>&nbsp;kann nun mit Wasser auf Trinkst\u00e4rke verd\u00fcnnt und filtriert werden.<\/p>\n<p>Das Destillieren durchl\u00e4uft dabei verschiedene Phasen: den&nbsp;<strong>Vorlauf<\/strong>, den&nbsp;<strong>Mittellauf<\/strong>&nbsp;und den&nbsp;<strong>Nachlauf<\/strong>. Nur der Mittellauf ist f\u00fcr den Genuss geeignet. Die Kunst des Brenners liegt nun darin, den&nbsp;<strong>richtigen Moment<\/strong>&nbsp;f\u00fcr den \u00dcbergang zwischen diesen Phasen zu finden.<\/p>\n<p>Eine Kunst, die Arnold Keiser perfekt beherrscht.<\/p>\n<\/div>\n<\/div>\n<p>&nbsp;<\/p>\n<p>&nbsp;<\/p>\n<div id=\"m8531\" class=\"module text\" data-imported=\"true\">\n<div class=\"editorial_block\">\n<h3 class=\"preamble\" style=\"text-align: center;\">Brennen live miterleben<\/h3>\n<table border=\"0\" cellspacing=\"1\" cellpadding=\"1\">\n<tbody>\n<tr>\n<td><img loading=\"lazy\" decoding=\"async\" class=\"\" title=\"Whisky-Schaubrennen - Lohnbrennerei Keiser - Baar\" src=\"https:\/\/lohnbrennerei-keiser.ch\/wp-content\/uploads\/2019\/06\/Whisky-Schaubrennen-St.Moritz.jpg\" alt=\"Whisky-Schaubrennen - Lohnbrennerei Keiser - Baar\" width=\"382\" height=\"254\"><\/td>\n<td><img loading=\"lazy\" decoding=\"async\" class=\"\" title=\"Portrait Arnold Keiser - Lohnbrennerei Keiser - Baar\" src=\"https:\/\/lohnbrennerei-keiser.ch\/wp-content\/uploads\/2019\/06\/Arnold-Keiser-und-Edi-Bieri.jpg\" alt=\"Portrait Arnold Keiser - Lohnbrennerei Keiser - Baar\" width=\"382\" height=\"253\"><\/td>\n<\/tr>\n<tr>\n<td colspan=\"2\"><em>Whisky-Schaubrennen beim Hotel Waldhaus am See in St. Moritz mit Arnold Keiser (links) und Edi Bieri.<\/em><\/td>\n<\/tr>\n<\/tbody>\n<\/table>\n<\/div>\n<\/div>\n<div id=\"m8531\" class=\"module text\" data-imported=\"true\">\n<div class=\"editorial_block\">\n<p><br class=\"clear\">Mit seiner mobilen Brennerei ist Arnold Keiser immer wieder an&nbsp;<strong>Gewerbeausstellungen<\/strong>&nbsp;in der Region sowie bei der&nbsp;<strong>Konditorei Treichler<\/strong>&nbsp;\u2013 der Erfinderin der Zuger Kirschtorte \u2013 zu Gast. Beim&nbsp;<strong>Schaubrennen<\/strong>&nbsp;kann jeder miterleben, wie aus Fr\u00fcchten edle Destillate entstehen.<\/p>\n<\/div>\n<\/div>\n","protected":false},"excerpt":{"rendered":"<p>Ihre Lohnbrennerei in der Region Baar und Zug Die Lohnbrennerei Keiser macht aus Ihren Fr\u00fcchten feine Destillate. Oder probieren Sie unseren Zuger Kirsch AOC und weitere feine Obstbr\u00e4nde, die wir &#8230;<\/p>\n","protected":false},"author":1,"featured_media":0,"parent":0,"menu_order":0,"comment_status":"closed","ping_status":"closed","template":"","meta":{"footnotes":""},"class_list":["post-48","page","type-page","status-publish","hentry"],"_links":{"self":[{"href":"https:\/\/lohnbrennerei-keiser.ch\/index.php\/wp-json\/wp\/v2\/pages\/48","targetHints":{"allow":["GET"]}}],"collection":[{"href":"https:\/\/lohnbrennerei-keiser.ch\/index.php\/wp-json\/wp\/v2\/pages"}],"about":[{"href":"https:\/\/lohnbrennerei-keiser.ch\/index.php\/wp-json\/wp\/v2\/types\/page"}],"author":[{"embeddable":true,"href":"https:\/\/lohnbrennerei-keiser.ch\/index.php\/wp-json\/wp\/v2\/users\/1"}],"replies":[{"embeddable":true,"href":"https:\/\/lohnbrennerei-keiser.ch\/index.php\/wp-json\/wp\/v2\/comments?post=48"}],"version-history":[{"count":42,"href":"https:\/\/lohnbrennerei-keiser.ch\/index.php\/wp-json\/wp\/v2\/pages\/48\/revisions"}],"predecessor-version":[{"id":211,"href":"https:\/\/lohnbrennerei-keiser.ch\/index.php\/wp-json\/wp\/v2\/pages\/48\/revisions\/211"}],"wp:attachment":[{"href":"https:\/\/lohnbrennerei-keiser.ch\/index.php\/wp-json\/wp\/v2\/media?parent=48"}],"curies":[{"name":"wp","href":"https:\/\/api.w.org\/{rel}","templated":true}]}}